{"id":234,"date":"2023-02-27T15:44:10","date_gmt":"2023-02-27T14:44:10","guid":{"rendered":"https:\/\/marcahome.it\/die-residenz\/"},"modified":"2024-06-12T22:12:52","modified_gmt":"2024-06-12T20:12:52","slug":"die-residenz","status":"publish","type":"page","link":"https:\/\/marcahome.it\/de\/die-residenz\/","title":{"rendered":"Marenca Residence \/ Cartiera"},"content":{"rendered":"\n<h2 class=\"wp-block-heading\"><strong>Marenca Residence<\/strong><\/h2>\n\n<p>Die 2011 eingeweihte Marenca Residence liegt in einem gr\u00fcnen Wohngebiet in der Via Casali Cuserina in Cannobio und bietet gut ausgestattete Wohnungen mit allem Komfort. In der N\u00e4he des Stadtzentrums, mit 10 Wohnungen, bietet die Marenca Residence ihren G\u00e4sten einen Urlaub voller Gastfreundschaft und Ruhe.<\/p>\n\n<p>Marcahome betreibt zwei Wohnungen:<\/p>\n\n<ul class=\"wp-block-list\">\n<li><div><span lang=\"DE-CH\"><strong>Eine<\/strong> <strong>Zwei-Zimmer-Wohnung im Erdgeschoss<\/strong>, mit einer Fl\u00e4che von ca. 50 Quadratmetern. Die Wohnung besteht aus einem grossen Wohnzimmer mit einem Schlafsofa f\u00fcr 2 Personen, einer Kochnische mit Geschirrsp\u00fcler, K\u00fchlschrank, elektrischer Kochplatte, Nespresso und Filter-Kaffeemaschine, Toaster und Mikrowelle. HD-TV mit Satellitenkan\u00e4len und WIFI. Schlafzimmer mit neuem Doppelbett (180 x 200 cm) und grossem Kleiderschrank und kleiner Terrasse. Badezimmer mit WC, neuer Duschkabine und Haartrockner. \u00dcberdachte Terrasse von ca. 12 qm, Garten und 2 Liegest\u00fchle.<\/span><\/div><\/li>\n<\/ul>\n\n<ul class=\"wp-block-list\">\n<li><div><span lang=\"DE-CH\"><strong>Eine Drei-Zimmer-Maisonette-Wohnung im ersten Stock<\/strong> mit einer Fl\u00e4che von ca. 80 Quadratmetern. Die Wohnung besteht aus einem grossen Wohnzimmer mit Sofa, Kochnische mit Geschirrsp\u00fcler, K\u00fchlschrank, elektrische Kochplatte, Nespresso und Filter-Kaffeemaschine, Wasserkocher, Toaster und Mikrowelle. HD-TV mit Satellitenkan\u00e4len und WIFI. Schlafzimmer mit neuem Doppelbett (180 x 200 cm) mit grossem Kleiderschrank und einen kleinen Balkon. Badezimmer mit WC, Bidet, Duschkabine und Haartrockner. \u00dcberdachter Balkon von ca. 12 qm mit Panoramablick auf die Berge und den See. Das zweite Schlafzimmer befindet sich im Dachgeschoss, \u00a0ist \u00fcber eine Wendeltreppe erreichbar, und ist offen zum darunter liegenden Wohnzimmer, hat 3 Einzelbetten und einen weiteren kleinen Balkon mit sch\u00f6nem Panoramablick.<\/span><\/div><\/li>\n<\/ul>\n\n<p>Unsere Wohnungen sind mit Bettw\u00e4sche und Handt\u00fcchern\/Duscht\u00fcchern ausgestattet. F\u00fcr beide Wohnungen steht ein kostenloser Aussenparkplatz zur Verf\u00fcgung. Auf Anfrage und nach Verf\u00fcgbarkeit ist es m\u00f6glich, einen Garagenplatz zu reservieren (\u20ac 5,00\/Tag; \u20ac 25.00 Woche). Ausserdem stehen unseren G\u00e4sten 2 Fahrr\u00e4der pro Wohnung zur Verf\u00fcgung und die M\u00f6glichkeit, die Waschmaschine (zur Mitbenutzung) zu benutzen. Aufgrund der Gr\u00f6sse der Wohnungen ist die Marenca Residence auch f\u00fcr Familien geeignet. <\/p>\n\n<h2 class=\"wp-block-heading\"><strong>Cartiera<\/strong><\/h2>\n\n<p>Die kleine, aber feine Zweizimmerwohnung (ca. 30 qm) mit Garten und Whirlpool befindet sich in einem Einfamilienhaus in ruhiger, sehr sonniger Lage, nur wenige Schritte von der Altstadt, dem Park Cartiera und dem Fluss Cannobino entfernt. Angrenzend an das Haus gibt es einen Fuss- und Radweg, der direkt zum Strand und zum Seeufer von Cannobio in ca. 10-15 Minuten zu Fuss f\u00fchrt.<\/p>\n\n<p>Die Wohnung besteht aus einem kleinen Wohnzimmer mit einem Einzelschlafsofa, eine Kochnische mit Geschirrsp\u00fcler, K\u00fchlschrank, elektrische Kochplatte, Nespresso und Filter-Kaffeemaschine, Wasserkocher, Toaster und Mikrowelle ausgestattet. HD-TV mit Satellitenkan\u00e4len und WIFI. Doppelschlafzimmer mit franz\u00f6sischem Bett (160 x 190 cm) und Kleiderschrank. Badezimmer mit WC, Duschkabine, Bidet, Waschmaschine und Haartrockner. Terrasse mit Gartenm\u00f6beln und 2 Liegest\u00fchlen. Zwei Fahrr\u00e4der stehen den G\u00e4sten zur alleinigen Nutzung zur Verf\u00fcgung. Die Wohnung ist mit Bettw\u00e4sche, Handt\u00fcchern\/Duscht\u00fcchern, 2 Badem\u00e4nteln und 2 Strandt\u00fcchern ausgestattet. Parkm\u00f6glichkeit vor dem Haus (\u00f6ffentlicher Parkplatz). <\/p>\n\n<p><\/p>\n\n<p><\/p>\n\n<p><\/p>\n\n<p><\/p>\n","protected":false},"excerpt":{"rendered":"<p>Marenca Residence Die 2011 eingeweihte Marenca Residence liegt in einem gr\u00fcnen Wohngebiet in der Via Casali Cuserina in Cannobio und bietet gut ausgestattete Wohnungen mit allem Komfort. In der N\u00e4he des Stadtzentrums, mit 10 Wohnungen, bietet die Marenca Residence ihren G\u00e4sten einen Urlaub voller Gastfreundschaft und Ruhe. Marcahome betreibt zwei Wohnungen: Unsere Wohnungen sind mit [&hellip;]<\/p>\n","protected":false},"author":2,"featured_media":0,"parent":0,"menu_order":0,"comment_status":"closed","ping_status":"closed","template":"template-front-page.php","meta":{"footnotes":""},"class_list":["post-234","page","type-page","status-publish","hentry"],"_links":{"self":[{"href":"https:\/\/marcahome.it\/de\/wp-json\/wp\/v2\/pages\/234","targetHints":{"allow":["GET"]}}],"collection":[{"href":"https:\/\/marcahome.it\/de\/wp-json\/wp\/v2\/pages"}],"about":[{"href":"https:\/\/marcahome.it\/de\/wp-json\/wp\/v2\/types\/page"}],"author":[{"embeddable":true,"href":"https:\/\/marcahome.it\/de\/wp-json\/wp\/v2\/users\/2"}],"replies":[{"embeddable":true,"href":"https:\/\/marcahome.it\/de\/wp-json\/wp\/v2\/comments?post=234"}],"version-history":[{"count":9,"href":"https:\/\/marcahome.it\/de\/wp-json\/wp\/v2\/pages\/234\/revisions"}],"predecessor-version":[{"id":683,"href":"https:\/\/marcahome.it\/de\/wp-json\/wp\/v2\/pages\/234\/revisions\/683"}],"wp:attachment":[{"href":"https:\/\/marcahome.it\/de\/wp-json\/wp\/v2\/media?parent=234"}],"curies":[{"name":"wp","href":"https:\/\/api.w.org\/{rel}","templated":true}]}}