{"id":256,"date":"2023-02-27T11:54:58","date_gmt":"2023-02-27T11:54:58","guid":{"rendered":"https:\/\/marcahome.it\/marcahome\/wie-zuhause\/"},"modified":"2024-05-18T23:10:48","modified_gmt":"2024-05-18T23:10:48","slug":"wie-zuhause","status":"publish","type":"page","link":"https:\/\/marcahome.it\/de\/marcahome\/wie-zuhause\/","title":{"rendered":"Wie zuhause"},"content":{"rendered":"\n<p>Unsere Appartements sind m\u00f6bliert und mit allem Komfort ausgestattet. Ihr zweites Zuhause empf\u00e4ngt Sie mit allem, was Sie f\u00fcr einen perfekten Urlaub ben\u00f6tigen.<\/p>\n\n<div class=\"wp-block-buttons is-layout-flex wp-block-buttons-is-layout-flex\">\n<div class=\"wp-block-button\"><a class=\"wp-block-button__link wp-element-button\" href=\"https:\/\/marcahome.it\/de\/die-wohnungen\/\">FINDEN SIE IHRE WOHNUNG<\/a><\/div>\n<\/div>\n","protected":false},"excerpt":{"rendered":"<p>Unsere Appartements sind m\u00f6bliert und mit allem Komfort ausgestattet. Ihr zweites Zuhause empf\u00e4ngt Sie mit allem, was Sie f\u00fcr einen perfekten Urlaub ben\u00f6tigen.<\/p>\n","protected":false},"author":2,"featured_media":409,"parent":246,"menu_order":2,"comment_status":"closed","ping_status":"closed","template":"","meta":{"footnotes":""},"class_list":["post-256","page","type-page","status-publish","has-post-thumbnail","hentry"],"_links":{"self":[{"href":"https:\/\/marcahome.it\/de\/wp-json\/wp\/v2\/pages\/256","targetHints":{"allow":["GET"]}}],"collection":[{"href":"https:\/\/marcahome.it\/de\/wp-json\/wp\/v2\/pages"}],"about":[{"href":"https:\/\/marcahome.it\/de\/wp-json\/wp\/v2\/types\/page"}],"author":[{"embeddable":true,"href":"https:\/\/marcahome.it\/de\/wp-json\/wp\/v2\/users\/2"}],"replies":[{"embeddable":true,"href":"https:\/\/marcahome.it\/de\/wp-json\/wp\/v2\/comments?post=256"}],"version-history":[{"count":3,"href":"https:\/\/marcahome.it\/de\/wp-json\/wp\/v2\/pages\/256\/revisions"}],"predecessor-version":[{"id":523,"href":"https:\/\/marcahome.it\/de\/wp-json\/wp\/v2\/pages\/256\/revisions\/523"}],"up":[{"embeddable":true,"href":"https:\/\/marcahome.it\/de\/wp-json\/wp\/v2\/pages\/246"}],"wp:featuredmedia":[{"embeddable":true,"href":"https:\/\/marcahome.it\/de\/wp-json\/wp\/v2\/media\/409"}],"wp:attachment":[{"href":"https:\/\/marcahome.it\/de\/wp-json\/wp\/v2\/media?parent=256"}],"curies":[{"name":"wp","href":"https:\/\/api.w.org\/{rel}","templated":true}]}}