{"id":273,"date":"2023-02-27T09:27:03","date_gmt":"2023-02-27T09:27:03","guid":{"rendered":"https:\/\/marcahome.it\/privacy-policy\/"},"modified":"2023-03-08T15:14:54","modified_gmt":"2023-03-08T15:14:54","slug":"privacy-policy","status":"publish","type":"page","link":"https:\/\/marcahome.it\/de\/privacy-policy\/","title":{"rendered":"Privacy Policy"},"content":{"rendered":"\n<p id=\"docDate\">Dokument: MOD01 \u2013 Revision 04.08.2023<\/p>\r\n<p id=\"company\">Markhome <\/p>\r\n<div class=\"cb\"><\/div>\r\n<p> <strong>INFORMATIONEN ZUR VERARBEITUNG PERSONENBEZOGENER DATEN<\/strong><\/p>\r\n<h4>gem\u00e4\u00df Art. 13 des Gesetzesdekrets vom 30. Juni 2003, Nr. 196 und Artikel 13 und 14 der Europ\u00e4ischen Verordnung 679\/2016<\/h4>\r\n<p><\/p>\r\n<p> <strong><br\/>\r\n                            Datenverantwortlicher:<br\/>\r\n                        <\/strong><\/p>\r\n<p>\r\n                            personenbezogener Daten ist der Unterzeichnete <span class=\"bold\">Marcahome<\/span>, rechtlicher und operativer Sitz Casali Cuserina, 5 28822 Cannobio (VB). Die oben genannten Rechte k\u00f6nnen auf formlosen Antrag an den Eigent\u00fcmer oder einen der Gesch\u00e4ftsf\u00fchrer, auch durch einen Verantwortlichen, ausge\u00fcbt werden. Die Anfrage kann auch per Einschreiben oder E-Mail an die Adresse <a href=\"mailto:info@marcahome.it\" title=\"Send a mail\">info@marcahome.it<\/a> gesendet werden.\r\n                        <\/p>\r\n<p><\/p>\r\n<p> <strong><br\/>\r\n                            Durchgef\u00fchrte Behandlungen und Zwecke:<br\/>\r\n                        <\/strong><\/p>\r\n<p>\r\n                            Folgende Personen- und Identifikationsdaten der Kontaktperson, die mit unserem Unternehmen in Kontakt treten wird, werden erhoben:\r\n<\/p>\r\n<ul>\r\n<li>1.1 Firmenname des Unternehmens oder Dienstleistungszentrums, Identit\u00e4t des Vereins, Vor- und Nachname des Einzelunternehmens;<\/li>\r\n<li>1.2 Anschrift des eingetragenen Sitzes, der operativen Zentrale oder der \u00f6rtlichen Einheiten;<\/li>\r\n<li>1.3 Vor- und Nachname des gesetzlichen Vertreters, Gesch\u00e4ftsf\u00fchrers, Angestellten oder Angestellten;<\/li>\r\n<li>1.4 Kreditinstitute, mit denen Sie Beziehungen unterhalten, und die zugeh\u00f6rigen Bankdaten;<\/li>\r\n<li>1.5 Telefonnummer der Zentrale, Nebenstellen und Fax;<\/li>\r\n<li>1.6 Institutionelle und direkte E-Mail-Adressen;<\/li>\r\n<li>1.7 Dokumentation zu Websites, die im Auftrag von Kunden entwickelt wurden.<\/li>\r\n<\/ul>\r\n<p><\/p>\r\n\r\n<p> <strong><br\/>\r\n                            Die Daten werden zu folgenden Zwecken verarbeitet:<br\/>\r\n                        <\/strong><\/p>\r\n<p>\r\n<span class=\"bold\">KUNDE<\/span>\r\n<\/p>\r\n<ul>\r\n<li>a) Verwaltung von Kundenbeziehungen, Datenerhebung bei Erbringung von Dienstleistungen, Lieferung von Produkten, Datenerhebung f\u00fcr Finanzierung, Vermietung oder Leasing von Ger\u00e4ten und Software;<\/li>\r\n<li>b) \u00dcberpr\u00fcfung des Grades der Kundenzufriedenheit in Bezug auf die von <span class=\"bold\">Marcahome<\/span> angebotenen Dienstleistungen durch pers\u00f6nliche Gespr\u00e4che, Zusendung von Frageb\u00f6gen per Fax, Post oder E-Mail;\r\n<\/li><li>c) Werbung f\u00fcr Produkte oder Dienstleistungen, die von <span class=\"bold\">Marcahome<\/span> angeboten werden, Austausch von Mitteilungen \u00fcber die wirtschaftliche, administrative und kommerzielle T\u00e4tigkeit des Unternehmens;<\/li>\r\n<li>d) Versand per Fax, Post oder E-Mail von Werbematerial \u00fcber die von <span class=\"bold\">Marcahome<\/span> angebotenen Dienstleistungen oder Produkte;<\/li>\r\n<li>e) F\u00f6rderung von Veranstaltungen wie Workshops, Konferenzen, Messen, bei denen <span class=\"bold\">Marcahome<\/span> der Organisator oder Teilnehmer ist;<\/li>\r\n<li>f) Ausstellung von Transportdokumenten, Rechnungen und Gutschriften, F\u00fchrung der ordentlichen und MWST-Buchhaltung, Verwaltung von Einnahmen und Zahlungen.<\/li>\r\n<\/ul>\r\n<p><\/p>\r\n\r\n<p>Die obige <span class=\"bold underline\">Bereitstellung personenbezogener Daten<\/span> ist nicht verpflichtend, die Verweigerung w\u00fcrde unter besonderer Bezugnahme auf den Unterpunkt verhindert. z\u00fcndete. a), die Unm\u00f6glichkeit seitens <span class=\"bold\">Marcahome<\/span>, dem Kunden die angeforderte Dienstleistung zu erbringen.<\/p>\r\n<p><\/p>\r\n<p>\r\n                            <span class=\"bold\">POTENZIELLE KUNDEN<\/span> <br\/>\r\n                            Werbung f\u00fcr Produkte, Dienstleistungen, Veranstaltungen wie Workshops, Konferenzen, Messen, bei denen <span class=\"bold\">Marcahome<\/span> der Organisator oder Teilnehmer ist; Unternehmensberatung, Entwicklung von Angeboten f\u00fcr <span class=\"bold\">Marcahome<\/span>-Dienste. <br\/>\r\n                            Zus\u00e4tzlich zu den oben beschriebenen Zwecken k\u00f6nnen personenbezogene Daten auch zur Erf\u00fcllung gesetzlicher, verordnungsrechtlicher oder gemeinschaftsrechtlicher Verpflichtungen verarbeitet werden.\r\n                        <\/p>\r\n<p><\/p>\r\n<p> <strong><br\/>\r\n                            Methoden der Datenerhebung<br\/>\r\n                        <\/strong><\/p>\r\n\r\n<ul>\r\n<li>Direkt von der interessierten Partei oder in den B\u00fcros von <span class=\"bold\">Marcahome<\/span> zum Zeitpunkt der Aufnahme der Gesch\u00e4ftsbeziehung, der Aufgabe einer Bestellung, der Anforderung eines Angebots oder des Vertragsabschlusses;\r\n<\/li><li>b) Direkt von der interessierten Partei durch Mitteilungen per Fax oder E-Mail;<\/li>\r\n<li>c) Direkt an die interessierte Partei anl\u00e4sslich von Gesch\u00e4ftsbesuchen f\u00fcr das Angebot von Produkten oder Dienstleistungen, die Gegenstand der T\u00e4tigkeit von <span class=\"bold\">Marcahome<\/span> sind;<\/li>\r\n<li>d) Direkt von der interessierten Partei durch Telefoninterviews;<\/li>\r\n<li>e) Direkt von der interessierten Partei durch partnerschaftliche Zusammenarbeit zwischen <span class=\"bold\">Marcahome<\/span> und Fachleuten oder professionellen Studios, mit denen dieselbe interessierte Partei Kooperationsbeziehungen unterh\u00e4lt;<\/li>\r\n<li>f) In \u00f6ffentlichen Quellen wie Telefonverzeichnissen, Anzeigen der interessierten Partei, \u00fcber Internetseiten, die im Besitz und zur Verarbeitung solcher personenbezogenen Daten sind;<\/li>\r\n<li>g) \u00fcber die Websites von <span class=\"bold\">Marcahome<\/span> zusammen mit dem Abonnement des <span class=\"bold\">Marcahome<\/span>-Newsletters;<\/li>\r\n<\/ul>\r\n<p>\r\n                            Diese Informationen werden dem Interessenten oder der Person, von der die Daten gesammelt werden, zum Zeitpunkt des Beginns der Beziehung zur Verf\u00fcgung gestellt und dann bei <span class=\"bold\">Marcahome<\/span> registriert und gesammelt , mit Sitz in Casali Cuserina, 5 28822 Cannobio (VB). Die Daten werden in \u00dcbereinstimmung mit dem Datenschutzkodex behandelt und so aufbewahrt, dass die Vertraulichkeit gew\u00e4hrleistet ist und ihre Zerst\u00f6rung oder Verwendung durch Dritte, die nichts mit <span class=\"bold\">Marcahome<\/span> zu tun haben, verhindert wird. p>\r\n<\/p><p> Die Datenverarbeitung erfolgt manuell (z. B. auf Papier) und\/oder durch automatisierte Tools (z. B. unter Verwendung elektronischer Verfahren und Hilfsmittel), mit Logiken im Zusammenhang mit den oben angegebenen Zwecken und in jedem Fall in um die Datensicherheit und Vertraulichkeit zu gew\u00e4hrleisten, gesch\u00fctzt durch Ger\u00e4te und Antivirenprogramme, die den Zugriff unbefugter Dritter auf die Daten verhindern.\r\n                        <\/p>\r\n\r\n<p><\/p>\r\n<p> <strong><br\/>\r\n                            Umfang der Daten\u00fcbermittlung und -verbreitung:<br\/>\r\n                        <\/strong><\/p>\r\n<p>\r\n                            Die Daten k\u00f6nnen an die folgenden Kategorien von Subjekten weitergegeben werden, die sie f\u00fcr die Durchf\u00fchrung bestimmter funktionaler Aktivit\u00e4ten zur Erbringung ihrer Dienstleistungen verwendet: Wirtschaftspr\u00fcfungsgesellschaft f\u00fcr Buchhaltung\/Steuerkonformit\u00e4t; Unternehmens-, Steuer- und Rechtsberatungsfirmen oder -firmen, Zahlungsbanken; Anwaltskanzlei im Falle eines Rechtsstreits; \u00d6ffentliche Verwaltung f\u00fcr gesetzlich vorgeschriebene Mitteilungen; Unternehmen, die Dienstleistungen zur Durchf\u00fchrung der T\u00e4tigkeit erbringen, f\u00fcr die Sie kontaktiert wurden, und die die angebotenen Dienstleistungen teilweise oder vollst\u00e4ndig ausf\u00fchren, wie z. B. Post\u00e4mter, Spediteure, Kuriere. Die Daten werden nicht ins Ausland \u00fcbermittelt.\r\n                        <\/p>\r\n<p><\/p>\r\n<p> <strong><br\/>\r\n                            Lagerdauer:<br\/>\r\n                        <\/strong><\/p>\r\n<p>Die Daten werden so lange aufbewahrt, wie es f\u00fcr die Durchf\u00fchrung der oben genannten Zwecke in \u00dcbereinstimmung mit den gesetzlichen Bestimmungen erforderlich ist, f\u00fcr den Zeitraum, der den steuerlichen, buchhalterischen, administrativen Anforderungen entspricht und unsere dokumentiert.<\/p>\r\n<p><\/p>\r\n<p> <strong><br\/>\r\n                            Rechte des Interessenten:<br\/>\r\n                        <\/strong><\/p>\r\n<p>\r\n                            gem\u00e4\u00df Artikeln Von 15 bis 22 der Europ\u00e4ischen Verordnung 679\/2016 wird Ihnen das uneingeschr\u00e4nkte Recht zuerkannt und garantiert: den Datenverantwortlichen um Zugang zu personenbezogenen Daten und die Berichtigung oder L\u00f6schung derselben oder die Einschr\u00e4nkung der Sie betreffenden Behandlung zu bitten oder sich zu widersetzen zu ihrer Behandlung, zus\u00e4tzlich zum Recht auf Daten\u00fcbertragbarkeit. Dieses Recht kann per E-Mail an <a href=\"mailto:info@marcahome.it\" title=\"Send a mail\">info@marcahome.it<\/a> ausge\u00fcbt werden. <br\/>\r\n                            Der Datenverantwortliche unterbricht die Verarbeitung, wenn er die Mitteilung \u00fcber den Widerruf der zuvor ausgedr\u00fcckten Einwilligung erh\u00e4lt. <\/p>\r\n<p> Um ihre Rechte auszu\u00fcben, kann sich die interessierte Partei an die folgende Adresse wenden <span class=\"bold\">Marcahome<\/span>, rechtlicher und operativer Sitz Casali Cuserina, 5 28822 Cannobio (VB), zu H\u00e4nden des Managers der Datenverarbeitung, oder senden Sie eine Mitteilung an: <a href=\"mailto:info@marcahome.it\" title=\"Senden Sie eine E-Mail\">info@marcahome.it<\/a>\r\n                        <\/p>\r\n<p><span>Beschwerde bei der Aufsichtsbeh\u00f6rde:<\/span> Die interessierte Partei hat das Recht, eine Beschwerde bei der Aufsichtsbeh\u00f6rde einzureichen, falls ihre an den Datenverantwortlichen gerichteten Informationsanfragen nicht zufriedenstellend beantwortet wurden. Die Referenzbeh\u00f6rde ist der Garant f\u00fcr den Schutz personenbezogener Daten.<\/p>\n","protected":false},"excerpt":{"rendered":"<p>Dokument: MOD01 \u2013 Revision 04.08.2023 Markhome INFORMATIONEN ZUR VERARBEITUNG PERSONENBEZOGENER DATEN gem\u00e4\u00df Art. 13 des Gesetzesdekrets vom 30. Juni 2003, Nr. 196 und Artikel 13 und 14 der Europ\u00e4ischen Verordnung 679\/2016 Datenverantwortlicher: personenbezogener Daten ist der Unterzeichnete Marcahome, rechtlicher und operativer Sitz Casali Cuserina, 5 28822 Cannobio (VB). Die oben genannten Rechte k\u00f6nnen auf formlosen [&hellip;]<\/p>\n","protected":false},"author":3,"featured_media":0,"parent":0,"menu_order":0,"comment_status":"closed","ping_status":"open","template":"","meta":{"footnotes":""},"class_list":["post-273","page","type-page","status-publish","hentry"],"_links":{"self":[{"href":"https:\/\/marcahome.it\/de\/wp-json\/wp\/v2\/pages\/273","targetHints":{"allow":["GET"]}}],"collection":[{"href":"https:\/\/marcahome.it\/de\/wp-json\/wp\/v2\/pages"}],"about":[{"href":"https:\/\/marcahome.it\/de\/wp-json\/wp\/v2\/types\/page"}],"author":[{"embeddable":true,"href":"https:\/\/marcahome.it\/de\/wp-json\/wp\/v2\/users\/3"}],"replies":[{"embeddable":true,"href":"https:\/\/marcahome.it\/de\/wp-json\/wp\/v2\/comments?post=273"}],"version-history":[{"count":1,"href":"https:\/\/marcahome.it\/de\/wp-json\/wp\/v2\/pages\/273\/revisions"}],"predecessor-version":[{"id":274,"href":"https:\/\/marcahome.it\/de\/wp-json\/wp\/v2\/pages\/273\/revisions\/274"}],"wp:attachment":[{"href":"https:\/\/marcahome.it\/de\/wp-json\/wp\/v2\/media?parent=273"}],"curies":[{"name":"wp","href":"https:\/\/api.w.org\/{rel}","templated":true}]}}