{"id":219,"date":"2023-02-27T15:45:59","date_gmt":"2023-02-27T14:45:59","guid":{"rendered":"https:\/\/marcahome.it\/ou-nous-sommes\/"},"modified":"2024-06-12T19:34:46","modified_gmt":"2024-06-12T17:34:46","slug":"ou-nous-sommes","status":"publish","type":"page","link":"https:\/\/marcahome.it\/fr\/ou-nous-sommes\/","title":{"rendered":"Notre locations"},"content":{"rendered":"\n<p>Vous nous trouverez immerg\u00e9s dans la paix et la verdure de Cannobio, au pied de la vall\u00e9e Cannobina et \u00e0 proximit\u00e9 de la rivi\u00e8re Cannobino. <br\/>Marenca Residence appartement 104 et 203 : Via Casali Cuserina 5 - Cannobio <br\/>Appartement Cartiera : Via alla Cartiera 11 - Cannobio<\/p>\n\n<div class=\"portaIframe\"><iframe src=\"https:\/\/www.google.com\/maps\/embed?pb=!1m18!1m12!1m3!1d2768.672895570574!2d8.686727215833772!3d46.0576224016703!2m3!1f0!2f0!3f0!3m2!1i1024!2i768!4f13.1!3m3!1m2!1s0x4785c513a4929ffd%3A0x12660429f3b38c4f!2sCasali%20Cuserina%2C%205%2C%2028822%20Cannobio%20VB!5e0!3m2!1sit!2sit!4v1678274346328!5m2!1sit!2sit\" width=\"100%\" height=\"450\" style=\"border:0;\" allowfullscreen=\"\" loading=\"lazy\" referrerpolicy=\"no-referrer-when-downgrade\"><\/iframe><\/div> <div class=\"portaIframe\"><iframe src=\"https:\/\/www.google.com\/maps\/embed?pb=!1m18!1m12!1m3!1d2768.3503969335957!2d8.689479476790867!3d46.06405399321528!2m3!1f0!2f0!3f0!3m2!1i1024!2i768!4f13.1!3m3!1m2!1s0x4785c50cf2fbbd07%3A0x342dec9b95b3481b!2sVia%20alla%20Cartiera%2C%2011%2C%2028822%20Cannobio%20VB!5e0!3m2!1sit!2sit!4v1681397010134!5m2!1sit!2sit\" width=\"100%\" height=\"450\" style=\"border:0;\" allowfullscreen=\"\" loading=\"lazy\" referrerpolicy=\"no-referrer-when-downgrade\"><\/iframe><\/div>\r\n","protected":false},"excerpt":{"rendered":"<p>Vous nous trouverez immerg\u00e9s dans la paix et la verdure de Cannobio, au pied de la vall\u00e9e Cannobina et \u00e0 proximit\u00e9 de la rivi\u00e8re Cannobino. Marenca Residence appartement 104 et 203 : Via Casali Cuserina 5 - Cannobio Appartement Cartiera : Via alla Cartiera 11 - Cannobio<\/p>\n","protected":false},"author":2,"featured_media":0,"parent":0,"menu_order":0,"comment_status":"closed","ping_status":"closed","template":"template-wide-page.php","meta":{"footnotes":""},"class_list":["post-219","page","type-page","status-publish","hentry"],"_links":{"self":[{"href":"https:\/\/marcahome.it\/fr\/wp-json\/wp\/v2\/pages\/219","targetHints":{"allow":["GET"]}}],"collection":[{"href":"https:\/\/marcahome.it\/fr\/wp-json\/wp\/v2\/pages"}],"about":[{"href":"https:\/\/marcahome.it\/fr\/wp-json\/wp\/v2\/types\/page"}],"author":[{"embeddable":true,"href":"https:\/\/marcahome.it\/fr\/wp-json\/wp\/v2\/users\/2"}],"replies":[{"embeddable":true,"href":"https:\/\/marcahome.it\/fr\/wp-json\/wp\/v2\/comments?post=219"}],"version-history":[{"count":10,"href":"https:\/\/marcahome.it\/fr\/wp-json\/wp\/v2\/pages\/219\/revisions"}],"predecessor-version":[{"id":675,"href":"https:\/\/marcahome.it\/fr\/wp-json\/wp\/v2\/pages\/219\/revisions\/675"}],"wp:attachment":[{"href":"https:\/\/marcahome.it\/fr\/wp-json\/wp\/v2\/media?parent=219"}],"curies":[{"name":"wp","href":"https:\/\/api.w.org\/{rel}","templated":true}]}}