{"id":243,"date":"2023-02-27T09:27:03","date_gmt":"2023-02-27T08:27:03","guid":{"rendered":"https:\/\/marcahome.it\/marcahome\/"},"modified":"2024-06-21T09:45:25","modified_gmt":"2024-06-21T07:45:25","slug":"marcahome","status":"publish","type":"page","link":"https:\/\/marcahome.it\/fr\/","title":{"rendered":"Bienvenue \u00e0 Marcahome"},"content":{"rendered":"","protected":false},"excerpt":{"rendered":"<p>Nous proposons des appartements de vacances modernes \u00e0 Cannobio, sur les magnifiques rives pi\u00e9montaises du lac Maggiore. Explorez notre site Web et d\u00e9couvrez notre s\u00e9lection exclusive de logements, con\u00e7us pour vous offrir un maximum de confort et de commodit\u00e9. R\u00e9servez directement aupr\u00e8s de nous pour vous garantir un s\u00e9jour inoubliable.<\/p>\n","protected":false},"author":3,"featured_media":0,"parent":0,"menu_order":0,"comment_status":"closed","ping_status":"closed","template":"template-front-page.php","meta":{"footnotes":""},"class_list":["post-243","page","type-page","status-publish","hentry"],"_links":{"self":[{"href":"https:\/\/marcahome.it\/fr\/wp-json\/wp\/v2\/pages\/243","targetHints":{"allow":["GET"]}}],"collection":[{"href":"https:\/\/marcahome.it\/fr\/wp-json\/wp\/v2\/pages"}],"about":[{"href":"https:\/\/marcahome.it\/fr\/wp-json\/wp\/v2\/types\/page"}],"author":[{"embeddable":true,"href":"https:\/\/marcahome.it\/fr\/wp-json\/wp\/v2\/users\/3"}],"replies":[{"embeddable":true,"href":"https:\/\/marcahome.it\/fr\/wp-json\/wp\/v2\/comments?post=243"}],"version-history":[{"count":3,"href":"https:\/\/marcahome.it\/fr\/wp-json\/wp\/v2\/pages\/243\/revisions"}],"predecessor-version":[{"id":687,"href":"https:\/\/marcahome.it\/fr\/wp-json\/wp\/v2\/pages\/243\/revisions\/687"}],"wp:attachment":[{"href":"https:\/\/marcahome.it\/fr\/wp-json\/wp\/v2\/media?parent=243"}],"curies":[{"name":"wp","href":"https:\/\/api.w.org\/{rel}","templated":true}]}}