{"id":252,"date":"2023-02-27T11:54:22","date_gmt":"2023-02-27T11:54:22","guid":{"rendered":"https:\/\/marcahome.it\/marcahome\/detendez-vous-entoure-de-verdure\/"},"modified":"2024-05-18T23:23:54","modified_gmt":"2024-05-18T23:23:54","slug":"detendez-vous-entoure-de-verdure","status":"publish","type":"page","link":"https:\/\/marcahome.it\/fr\/marcahome\/detendez-vous-entoure-de-verdure\/","title":{"rendered":"Nos \u00e9tablissements"},"content":{"rendered":"\n<p>L'appartement Cartiera et la Marenca Residence se trouvent tous deux dans un endroit calme, \u00e0 proximit\u00e9 du centre de Cannobio. Nous proposons diff\u00e9rents types d'appartements qui conviennent aux familles, aux couples et aux personnes voyageant seules.<\/p>\n\n<div class=\"wp-block-buttons is-layout-flex wp-block-buttons-is-layout-flex\">\n<div class=\"wp-block-button\"><a class=\"wp-block-button__link wp-element-button\" href=\"https:\/\/marcahome.it\/fr\/la-demeure\/\">VISITER LES ETABLISSEMENTS : <\/a><\/div>\n<\/div>\n\n<p><\/p>\n","protected":false},"excerpt":{"rendered":"<p>L'appartement Cartiera et la Marenca Residence se trouvent tous deux dans un endroit calme, \u00e0 proximit\u00e9 du centre de Cannobio. Nous proposons diff\u00e9rents types d'appartements qui conviennent aux familles, aux couples et aux personnes voyageant seules.<\/p>\n","protected":false},"author":2,"featured_media":404,"parent":243,"menu_order":1,"comment_status":"closed","ping_status":"closed","template":"","meta":{"footnotes":""},"class_list":["post-252","page","type-page","status-publish","has-post-thumbnail","hentry"],"_links":{"self":[{"href":"https:\/\/marcahome.it\/fr\/wp-json\/wp\/v2\/pages\/252","targetHints":{"allow":["GET"]}}],"collection":[{"href":"https:\/\/marcahome.it\/fr\/wp-json\/wp\/v2\/pages"}],"about":[{"href":"https:\/\/marcahome.it\/fr\/wp-json\/wp\/v2\/types\/page"}],"author":[{"embeddable":true,"href":"https:\/\/marcahome.it\/fr\/wp-json\/wp\/v2\/users\/2"}],"replies":[{"embeddable":true,"href":"https:\/\/marcahome.it\/fr\/wp-json\/wp\/v2\/comments?post=252"}],"version-history":[{"count":5,"href":"https:\/\/marcahome.it\/fr\/wp-json\/wp\/v2\/pages\/252\/revisions"}],"predecessor-version":[{"id":533,"href":"https:\/\/marcahome.it\/fr\/wp-json\/wp\/v2\/pages\/252\/revisions\/533"}],"up":[{"embeddable":true,"href":"https:\/\/marcahome.it\/fr\/wp-json\/wp\/v2\/pages\/243"}],"wp:featuredmedia":[{"embeddable":true,"href":"https:\/\/marcahome.it\/fr\/wp-json\/wp\/v2\/media\/404"}],"wp:attachment":[{"href":"https:\/\/marcahome.it\/fr\/wp-json\/wp\/v2\/media?parent=252"}],"curies":[{"name":"wp","href":"https:\/\/api.w.org\/{rel}","templated":true}]}}