{"id":258,"date":"2023-02-27T11:54:58","date_gmt":"2023-02-27T11:54:58","guid":{"rendered":"https:\/\/marcahome.it\/marcahome\/comme-a-la-maison\/"},"modified":"2024-05-18T23:10:12","modified_gmt":"2024-05-18T23:10:12","slug":"comme-a-la-maison","status":"publish","type":"page","link":"https:\/\/marcahome.it\/fr\/marcahome\/comme-a-la-maison\/","title":{"rendered":"Comme \u00e0 la maison"},"content":{"rendered":"\n<p>Nos appartements sont meubl\u00e9s et complets avec tout le confort. Votre maison loin de chez vous est pr\u00eate \u00e0 vous accueillir avec tout ce dont vous avez besoin pour des vacances parfaites.<\/p>\n\n<div class=\"wp-block-buttons is-layout-flex wp-block-buttons-is-layout-flex\">\n<div class=\"wp-block-button\"><a class=\"wp-block-button__link wp-element-button\" href=\"https:\/\/marcahome.it\/fr\/les-appartements\/\">TROUVEZ VOTRE APPARTEMENT<\/a><\/div>\n<\/div>\n","protected":false},"excerpt":{"rendered":"<p>Nos appartements sont meubl\u00e9s et complets avec tout le confort. Votre maison loin de chez vous est pr\u00eate \u00e0 vous accueillir avec tout ce dont vous avez besoin pour des vacances parfaites.<\/p>\n","protected":false},"author":2,"featured_media":408,"parent":243,"menu_order":2,"comment_status":"closed","ping_status":"closed","template":"","meta":{"footnotes":""},"class_list":["post-258","page","type-page","status-publish","has-post-thumbnail","hentry"],"_links":{"self":[{"href":"https:\/\/marcahome.it\/fr\/wp-json\/wp\/v2\/pages\/258","targetHints":{"allow":["GET"]}}],"collection":[{"href":"https:\/\/marcahome.it\/fr\/wp-json\/wp\/v2\/pages"}],"about":[{"href":"https:\/\/marcahome.it\/fr\/wp-json\/wp\/v2\/types\/page"}],"author":[{"embeddable":true,"href":"https:\/\/marcahome.it\/fr\/wp-json\/wp\/v2\/users\/2"}],"replies":[{"embeddable":true,"href":"https:\/\/marcahome.it\/fr\/wp-json\/wp\/v2\/comments?post=258"}],"version-history":[{"count":3,"href":"https:\/\/marcahome.it\/fr\/wp-json\/wp\/v2\/pages\/258\/revisions"}],"predecessor-version":[{"id":521,"href":"https:\/\/marcahome.it\/fr\/wp-json\/wp\/v2\/pages\/258\/revisions\/521"}],"up":[{"embeddable":true,"href":"https:\/\/marcahome.it\/fr\/wp-json\/wp\/v2\/pages\/243"}],"wp:featuredmedia":[{"embeddable":true,"href":"https:\/\/marcahome.it\/fr\/wp-json\/wp\/v2\/media\/408"}],"wp:attachment":[{"href":"https:\/\/marcahome.it\/fr\/wp-json\/wp\/v2\/media?parent=258"}],"curies":[{"name":"wp","href":"https:\/\/api.w.org\/{rel}","templated":true}]}}