{"id":271,"date":"2023-02-27T09:27:03","date_gmt":"2023-02-27T09:27:03","guid":{"rendered":"https:\/\/marcahome.it\/privacy-policy\/"},"modified":"2023-03-08T15:11:00","modified_gmt":"2023-03-08T15:11:00","slug":"privacy-policy","status":"publish","type":"page","link":"https:\/\/marcahome.it\/fr\/privacy-policy\/","title":{"rendered":"Privacy Policy"},"content":{"rendered":"\n<p id=\"docDate\">Document : MOD01 \u2013 R\u00e9vision 08\/04\/2023<\/p>\r\n<p id=\"company\">Markhome <\/p>\r\n<div class=\"cb\"><\/div>\r\n<p> <strong>INFORMATIONS SUR LE TRAITEMENT DES DONN\u00c9ES PERSONNELLES<\/strong><\/p>\r\n<h4>conform\u00e9ment \u00e0 l'art. 13 du d\u00e9cret l\u00e9gislatif 30 juin 2003, n.196 et articles 13 et 14 du r\u00e8glement europ\u00e9en 679\/2016<\/h4>\r\n<p><\/p>\r\n<p> <strong><br\/>\r\n                            Responsable du traitement :<br\/>\r\n                        <\/strong><\/p>\r\n<p>\r\n                            des donn\u00e9es personnelles est le soussign\u00e9 <span class=\"bold\">Marcahome<\/span>, si\u00e8ge l\u00e9gal et op\u00e9rationnel Casali Cuserina, 5 28822 Cannobio (VB). Les droits ci-dessus peuvent \u00eatre exerc\u00e9s sur demande informelle au propri\u00e9taire ou \u00e0 l'un des g\u00e9rants, \u00e9galement par l'interm\u00e9diaire d'un responsable. La demande peut \u00e9galement \u00eatre envoy\u00e9e par lettre recommand\u00e9e ou par e-mail \u00e0 l'adresse <a href=\"mailto:info@marcahome.it\" title=\"Envoyer un mail\">info@marcahome.it<\/a>.\r\n                        <\/p>\r\n<p><\/p>\r\n<p> <strong><br\/>\r\n                            Traitements effectu\u00e9s et finalit\u00e9s :<br\/>\r\n                        <\/strong><\/p>\r\n<p>\r\n                            Seront collect\u00e9es les donn\u00e9es personnelles et d'identification suivantes de la personne de contact qui s'interfacera avec notre soci\u00e9t\u00e9 :\r\n<\/p>\r\n<ul>\r\n<li>1.1 Raison sociale de l'entreprise ou du centre de services, identit\u00e9 de l'association, nom et pr\u00e9nom de l'entreprise individuelle ;<\/li>\r\n<li>1.2 Adresse du si\u00e8ge social, du si\u00e8ge op\u00e9rationnel ou des unit\u00e9s locales ;<\/li>\r\n<li>1.3 Nom et pr\u00e9nom du repr\u00e9sentant l\u00e9gal, des dirigeants, des employ\u00e9s ou des employ\u00e9s ;<\/li>\r\n<li>1.4 Les \u00e9tablissements de cr\u00e9dit avec lesquels vous avez des relations et les coordonn\u00e9es bancaires associ\u00e9es ;<\/li>\r\n<li>1.5 Num\u00e9ro de t\u00e9l\u00e9phone du standard, extensions et fax ;<\/li>\r\n<li>1.6 Adresses e-mail institutionnelles et directes ;<\/li>\r\n<li>1.7 Documentation relative aux sites Web d\u00e9velopp\u00e9s pour le compte de clients.<\/li>\r\n<\/ul>\r\n<p><\/p>\r\n<p> <strong><br\/>\r\n                            Les donn\u00e9es seront trait\u00e9es aux fins :<br\/>\r\n                        <\/strong><\/p>\r\n<p>\r\n<span class=\"bold\">CLIENT<\/span>\r\n<\/p>\r\n<ul>\r\n<li>a) Gestion de la relation client, acquisition de donn\u00e9es en cas de prestation de services, fourniture de produits, acquisition de donn\u00e9es \u00e0 des fins de financement, de location ou de cr\u00e9dit-bail d'\u00e9quipements et de logiciels ;<\/li>\r\n<li>b) V\u00e9rification du degr\u00e9 de satisfaction des clients \u00e0 l'\u00e9gard des services offerts par <span class=\"bold\">Marcahome<\/span>, par des entretiens personnels, l'envoi de questionnaires par fax, courrier ou e-mail ;\r\n<\/li><li>c) Promotion de produits ou services offerts par <span class=\"bold\">Marcahome<\/span>, \u00e9change de communications concernant l'activit\u00e9 \u00e9conomique, administrative et commerciale de l'entreprise ;<\/li>\r\n<li>d) Envoi par fax, courrier ou e-mail de mat\u00e9riel publicitaire sur les services ou produits propos\u00e9s par <span class=\"bold\">Marcahome<\/span> ;<\/li>\r\n<li>e) Promotion d'\u00e9v\u00e9nements tels que des ateliers, des conf\u00e9rences, des foires o\u00f9 <span class=\"bold\">Marcahome<\/span> est l'organisateur ou le participant ;<\/li>\r\n<li>f) Emission des documents de transport, factures et notes de cr\u00e9dit, tenue de la comptabilit\u00e9 ordinaire et TVA, gestion des encaissements et paiements.<\/li>\r\n<\/ul>\r\n<p><\/p>\r\n\r\n<p>\r\n                            <span class=\"bold\">CLIENTS POTENTIELS<\/span> <br\/>\r\n                            Promotion de produits, services, \u00e9v\u00e9nements tels que des ateliers, des conf\u00e9rences, des foires o\u00f9 <span class=\"bold\">Marcahome<\/span> est l'organisateur ou le participant ; conseil aux entreprises, d\u00e9veloppement d'offres de services <span class=\"bold\">Marcahome<\/span>. <br\/>\r\n                            Outre les finalit\u00e9s d\u00e9crites ci-dessus, les donn\u00e9es personnelles peuvent \u00e9galement \u00eatre trait\u00e9es pour remplir les obligations \u00e9tablies par la loi, par un r\u00e8glement ou par la l\u00e9gislation communautaire.\r\n                        <\/p>\r\n<p><\/p>\r\n<p> <strong><br\/>\r\n                            M\u00e9thodes de collecte des donn\u00e9es<br\/>\r\n                        <\/strong><\/p>\r\n<ul>\r\n<li>Directement aupr\u00e8s de l'int\u00e9ress\u00e9 ou dans les bureaux de <span class=\"bold\">Marcahome<\/span>, au moment d'\u00e9tablir la relation commerciale, de passer une commande, de demander une offre ou de conclure un contrat ;\r\n<\/li><li>b) directement de la part de l'int\u00e9ress\u00e9 par le biais de communications par fax ou par e-mail ;<\/li>\r\n<li>c) Directement \u00e0 l'int\u00e9ress\u00e9 \u00e0 l'occasion de visites commerciales pour la proposition de produits ou services objet de l'activit\u00e9 de <span class=\"bold\">Marcahome<\/span> ;<\/li>\r\n<li>d) directement aupr\u00e8s de l'int\u00e9ress\u00e9 par le biais d'entretiens t\u00e9l\u00e9phoniques ;<\/li>\r\n<li>e) Directement de la partie int\u00e9ress\u00e9e par le biais de collaborations en partenariat entre <span class=\"bold\">Marcahome<\/span>, et des professionnels ou des studios professionnels avec lesquels la m\u00eame partie int\u00e9ress\u00e9e entretient des relations de collaboration ;<\/li>\r\n<li>f) Dans des sources publiques telles que les annuaires t\u00e9l\u00e9phoniques, les publicit\u00e9s de l'int\u00e9ress\u00e9, via des sites Internet en possession et autoris\u00e9s \u00e0 traiter ces donn\u00e9es personnelles ;<\/li>\r\n<li>g) via les sites Web appartenant \u00e0 <span class=\"bold\">Marcahome<\/span> avec l'abonnement \u00e0 la newsletter <span class=\"bold\">Marcahome<\/span> ;<\/li>\r\n<\/ul>\r\n<p>\r\n                            Ces informations sont fournies \u00e0 l'int\u00e9ress\u00e9, ou \u00e0 la personne aupr\u00e8s de laquelle les donn\u00e9es sont collect\u00e9es, au moment du d\u00e9but de la relation, seront ensuite enregistr\u00e9es et collect\u00e9es aupr\u00e8s de <span class=\"bold\">Marcahome<\/span> , dont le si\u00e8ge social est situ\u00e9 \u00e0 Casali Cuserina, 5 28822 Cannobio (VB). Les donn\u00e9es seront trait\u00e9es conform\u00e9ment au code de protection des donn\u00e9es personnelles, conserv\u00e9es de mani\u00e8re \u00e0 en assurer la confidentialit\u00e9, emp\u00eacher leur destruction ou leur utilisation par des tiers \u00e9trangers \u00e0 <span class=\"bold\">Marcahome<\/span>. p>\r\n<\/p><p> Le traitement des donn\u00e9es sera effectu\u00e9 manuellement (par exemple, sur papier) et\/ou au moyen d'outils automatis\u00e9s (par exemple, en utilisant des proc\u00e9dures et des supports \u00e9lectroniques), avec des logiques li\u00e9es aux finalit\u00e9s indiqu\u00e9es ci-dessus et, en tout cas, dans de mani\u00e8re \u00e0 garantir la s\u00e9curit\u00e9 et la confidentialit\u00e9 des donn\u00e9es, prot\u00e9g\u00e9es par des dispositifs et des antivirus qui emp\u00eachent des tiers non autoris\u00e9s d'acc\u00e9der aux donn\u00e9es.\r\n                        <\/p>\r\n<p><\/p>\r\n<p> <strong><br\/>\r\n                            Port\u00e9e de la communication et de la diffusion des donn\u00e9es :<br\/>\r\n                        <\/strong><\/p>\r\n<p>\r\n                            Les donn\u00e9es peuvent \u00eatre communiqu\u00e9es aux cat\u00e9gories de sujets suivantes auxquelles elle fait appel pour l'ex\u00e9cution de certaines activit\u00e9s fonctionnelles pour la fourniture de ses services : Cabinet comptable pour la conformit\u00e9 comptable\/fiscale ; Cabinets ou cabinets de conseils commerciaux, fiscaux et juridiques, Banques de paiement ; Cabinet d'avocats en cas de litige; Administration publique pour les communications requises par la loi ; Entreprises qui fournissent des services pour la r\u00e9alisation de l'activit\u00e9 pour laquelle vous avez \u00e9t\u00e9 contact\u00e9 et qui compl\u00e8tent partiellement ou totalement les services propos\u00e9s, tels que les bureaux de poste, les exp\u00e9diteurs, les coursiers. Les donn\u00e9es ne seront pas transf\u00e9r\u00e9es \u00e0 l'\u00e9tranger.\r\n                        <\/p>\r\n<p><\/p>\r\n\r\n<p> <strong><br\/>\r\n                            Dur\u00e9e de stockage :<br\/>\r\n                        <\/strong><\/p>\r\n<p>Les donn\u00e9es seront conserv\u00e9es pendant le temps n\u00e9cessaire \u00e0 la r\u00e9alisation des finalit\u00e9s pr\u00e9cit\u00e9es dans le respect des termes de la loi, pendant la p\u00e9riode correspondant aux besoins fiscaux, comptables, administratifs et pour documenter les n\u00f4tres.<\/p>\r\n<p><\/p>\r\n<p> <strong><br\/>\r\n                            Droits de l'int\u00e9ress\u00e9 :<br\/>\r\n                        <\/strong><\/p>\r\n<p>\r\n                            conform\u00e9ment aux articles de 15 \u00e0 22 du Reg Europ\u00e9en 679\/2016 Vous \u00eates reconnu et garanti le plein droit de: demander au Responsable du traitement l'acc\u00e8s aux donn\u00e9es personnelles et la rectification ou l'annulation de celles-ci ou la limitation du traitement qui vous concerne ou de vous opposer \u00e0 leur traitement, en plus du droit \u00e0 la portabilit\u00e9 des donn\u00e9es. Ce droit peut \u00eatre exerc\u00e9 par courrier \u00e0 <a href=\"mailto:info@marcahome.it\" title=\"Envoyer un mail\">info@marcahome.it<\/a>. <br\/>\r\n                            Le responsable du traitement interrompra le traitement lorsque la communication de r\u00e9vocation du consentement pr\u00e9c\u00e9demment exprim\u00e9 sera re\u00e7ue de sa part. <\/p>\r\n<p> Pour exercer ses droits, l'int\u00e9ress\u00e9 peut contacter l'adresse suivante <span class=\"bold\">Marcahome<\/span>, si\u00e8ge l\u00e9gal et op\u00e9rationnel Casali Cuserina, 5 28822 Cannobio (VB), \u00e0 l'attention du G\u00e9rant du traitement des donn\u00e9es, ou vous pouvez envoyer une communication \u00e0 : <a href=\"mailto:info@marcahome.it\" title=\"Envoyer un courrier\">info@marcahome.it<\/a>\r\n                        <\/p>\r\n<p><span>Plainte aupr\u00e8s de l'Autorit\u00e9 de contr\u00f4le :<\/span> L'int\u00e9ress\u00e9 a le droit de d\u00e9poser une plainte aupr\u00e8s de l'Autorit\u00e9 de contr\u00f4le dans le cas o\u00f9 ses demandes d'informations adress\u00e9es au Responsable du traitement n'ont pas abouti \u00e0 des r\u00e9ponses satisfaisantes. L'Autorit\u00e9 de r\u00e9f\u00e9rence est le Garant de la Protection des Donn\u00e9es Personnelles.<\/p>\n","protected":false},"excerpt":{"rendered":"<p>Document : MOD01 \u2013 R\u00e9vision 08\/04\/2023 Markhome INFORMATIONS SUR LE TRAITEMENT DES DONN\u00c9ES PERSONNELLES conform\u00e9ment \u00e0 l'art. 13 du d\u00e9cret l\u00e9gislatif 30 juin 2003, n.196 et articles 13 et 14 du r\u00e8glement europ\u00e9en 679\/2016 Responsable du traitement : des donn\u00e9es personnelles est le soussign\u00e9 Marcahome, si\u00e8ge l\u00e9gal et op\u00e9rationnel Casali Cuserina, 5 28822 Cannobio (VB). [&hellip;]<\/p>\n","protected":false},"author":3,"featured_media":0,"parent":0,"menu_order":0,"comment_status":"closed","ping_status":"open","template":"","meta":{"footnotes":""},"class_list":["post-271","page","type-page","status-publish","hentry"],"_links":{"self":[{"href":"https:\/\/marcahome.it\/fr\/wp-json\/wp\/v2\/pages\/271","targetHints":{"allow":["GET"]}}],"collection":[{"href":"https:\/\/marcahome.it\/fr\/wp-json\/wp\/v2\/pages"}],"about":[{"href":"https:\/\/marcahome.it\/fr\/wp-json\/wp\/v2\/types\/page"}],"author":[{"embeddable":true,"href":"https:\/\/marcahome.it\/fr\/wp-json\/wp\/v2\/users\/3"}],"replies":[{"embeddable":true,"href":"https:\/\/marcahome.it\/fr\/wp-json\/wp\/v2\/comments?post=271"}],"version-history":[{"count":1,"href":"https:\/\/marcahome.it\/fr\/wp-json\/wp\/v2\/pages\/271\/revisions"}],"predecessor-version":[{"id":272,"href":"https:\/\/marcahome.it\/fr\/wp-json\/wp\/v2\/pages\/271\/revisions\/272"}],"wp:attachment":[{"href":"https:\/\/marcahome.it\/fr\/wp-json\/wp\/v2\/media?parent=271"}],"curies":[{"name":"wp","href":"https:\/\/api.w.org\/{rel}","templated":true}]}}