{"id":625,"date":"2024-06-04T10:04:41","date_gmt":"2024-06-04T08:04:41","guid":{"rendered":"https:\/\/marcahome.it\/geschaftsbedingungen\/"},"modified":"2024-06-09T19:55:10","modified_gmt":"2024-06-09T17:55:10","slug":"geschaftsbedingungen","status":"publish","type":"page","link":"https:\/\/marcahome.it\/fr\/geschaftsbedingungen\/","title":{"rendered":"Termes et conditions"},"content":{"rendered":"\n<ul class=\"wp-block-list\">\n<li>Le client s'engage \u00e0 verser un acompte d'environ 30 % du co\u00fbt total apr\u00e8s la r\u00e9servation<\/li>\n\n\n\n<li>Le solde est payable en esp\u00e8ces \u00e0 l'arriv\u00e9e <\/li>\n\n\n\n<li>Le client peut annuler sans frais jusqu'\u00e0 60 jours avant l'arriv\u00e9e. En cas d'annulation dans les 60 jours pr\u00e9c\u00e9dant l'arriv\u00e9e, le client doit payer 30 % (respectivement l'acompte) du co\u00fbt total.<\/li>\n\n\n\n<li>Check-in de 15:00 - 18:00 (veuillez nous informer de votre heure d'arriv\u00e9e)<\/li>\n\n\n\n<li>Lors du check-in, tous les h\u00f4tes doivent pr\u00e9senter une pi\u00e8ce d'identit\u00e9 avec photo<\/li>\n\n\n\n<li>Check-out jusqu'\u00e0 09:30<\/li>\n\n\n\n<li>Il est interdit de fumer \u00e0 l'int\u00e9rieur des appartements.<\/li>\n\n\n\n<li>Il est interdit d'organiser des f\u00eates\/\u00e9v\u00e9nements<\/li>\n<\/ul>\n","protected":false},"excerpt":{"rendered":"","protected":false},"author":2,"featured_media":0,"parent":0,"menu_order":0,"comment_status":"closed","ping_status":"closed","template":"","meta":{"footnotes":""},"class_list":["post-625","page","type-page","status-publish","hentry"],"_links":{"self":[{"href":"https:\/\/marcahome.it\/fr\/wp-json\/wp\/v2\/pages\/625","targetHints":{"allow":["GET"]}}],"collection":[{"href":"https:\/\/marcahome.it\/fr\/wp-json\/wp\/v2\/pages"}],"about":[{"href":"https:\/\/marcahome.it\/fr\/wp-json\/wp\/v2\/types\/page"}],"author":[{"embeddable":true,"href":"https:\/\/marcahome.it\/fr\/wp-json\/wp\/v2\/users\/2"}],"replies":[{"embeddable":true,"href":"https:\/\/marcahome.it\/fr\/wp-json\/wp\/v2\/comments?post=625"}],"version-history":[{"count":6,"href":"https:\/\/marcahome.it\/fr\/wp-json\/wp\/v2\/pages\/625\/revisions"}],"predecessor-version":[{"id":646,"href":"https:\/\/marcahome.it\/fr\/wp-json\/wp\/v2\/pages\/625\/revisions\/646"}],"wp:attachment":[{"href":"https:\/\/marcahome.it\/fr\/wp-json\/wp\/v2\/media?parent=625"}],"curies":[{"name":"wp","href":"https:\/\/api.w.org\/{rel}","templated":true}]}}